{"id":3511,"date":"2025-10-10T09:16:06","date_gmt":"2025-10-10T09:16:06","guid":{"rendered":"https:\/\/purepet.co\/?post_type=product&#038;p=3511"},"modified":"2025-11-19T06:27:10","modified_gmt":"2025-11-19T06:27:10","slug":"manta-edera","status":"publish","type":"product","link":"https:\/\/purepet.co\/es\/product\/manta-edera\/","title":{"rendered":"Manta Edera"},"content":{"rendered":"<p>EDERA combina la ligereza del algod\u00f3n pima peruano y 100% hipoalerg\u00e9nico y un reverso de velvet 100% microfibra que aporta suavidad y elegancia a tu mascota. Ideal para complementar su espacio con un toque premium.<\/p>\n<p><strong data-start=\"1061\" data-end=\"1076\">Materiales:<\/strong> algod\u00f3n pima peruano 100% hipoalerg\u00e9nico y tela velvet 100% microfibra.<br data-start=\"1117\" data-end=\"1120\" \/><strong data-start=\"1120\" data-end=\"1140\">Tama\u00f1o est\u00e1ndar:<\/strong> 85 x 80 cm.<br data-start=\"1154\" data-end=\"1157\" \/><strong data-start=\"1157\" data-end=\"1169\">Cuidado:<\/strong> lavable a m\u00e1quina en ciclo delicado.<\/p>","protected":false},"excerpt":{"rendered":"<p data-start=\"479\" data-end=\"720\">Manta de algod\u00f3n pima peruano hipoalerg\u00e9nico con reverso aterciopelado. Su textura suave y apariencia mate la convierten en una pieza vers\u00e1til para aportar calidez y equilibrio visual a cualquier ambiente.<\/p>","protected":false},"featured_media":3534,"comment_status":"open","ping_status":"closed","template":"","meta":[],"product_brand":[],"product_cat":[59],"product_tag":[],"class_list":{"0":"post-3511","1":"product","2":"type-product","3":"status-publish","4":"has-post-thumbnail","6":"product_cat-sleep","8":"first","9":"instock","10":"sale","11":"shipping-taxable","12":"purchasable","13":"product-type-simple"},"_links":{"self":[{"href":"https:\/\/purepet.co\/es\/wp-json\/wp\/v2\/product\/3511","targetHints":{"allow":["GET"]}}],"collection":[{"href":"https:\/\/purepet.co\/es\/wp-json\/wp\/v2\/product"}],"about":[{"href":"https:\/\/purepet.co\/es\/wp-json\/wp\/v2\/types\/product"}],"replies":[{"embeddable":true,"href":"https:\/\/purepet.co\/es\/wp-json\/wp\/v2\/comments?post=3511"}],"wp:featuredmedia":[{"embeddable":true,"href":"https:\/\/purepet.co\/es\/wp-json\/wp\/v2\/media\/3534"}],"wp:attachment":[{"href":"https:\/\/purepet.co\/es\/wp-json\/wp\/v2\/media?parent=3511"}],"wp:term":[{"taxonomy":"product_brand","embeddable":true,"href":"https:\/\/purepet.co\/es\/wp-json\/wp\/v2\/product_brand?post=3511"},{"taxonomy":"product_cat","embeddable":true,"href":"https:\/\/purepet.co\/es\/wp-json\/wp\/v2\/product_cat?post=3511"},{"taxonomy":"product_tag","embeddable":true,"href":"https:\/\/purepet.co\/es\/wp-json\/wp\/v2\/product_tag?post=3511"}],"curies":[{"name":"wp","href":"https:\/\/api.w.org\/{rel}","templated":true}]}}