{"id":358,"date":"2015-08-12T12:27:19","date_gmt":"2015-08-12T12:27:19","guid":{"rendered":"http:\/\/savoy.nordicmade.com\/?page_id=358"},"modified":"2024-05-21T14:02:18","modified_gmt":"2024-05-21T14:02:18","slug":"about","status":"publish","type":"page","link":"https:\/\/purepet.co\/es\/about\/","title":{"rendered":"Nosotros"},"content":{"rendered":"<div data-elementor-type=\"wp-page\" data-elementor-id=\"358\" class=\"elementor elementor-358\" data-elementor-post-type=\"page\">\n\t\t\t\t<div class=\"elementor-element elementor-element-252b8c9 e-flex e-con-boxed e-con e-parent\" data-id=\"252b8c9\" data-element_type=\"container\" data-e-type=\"container\">\n\t\t\t\t\t<div class=\"e-con-inner\">\n\t\t<div class=\"elementor-element elementor-element-ea20dfe e-con-full e-flex e-con e-child\" data-id=\"ea20dfe\" data-element_type=\"container\" data-e-type=\"container\">\n\t\t\t\t<div class=\"elementor-element elementor-element-1c1288c elementor-widget elementor-widget-image\" data-id=\"1c1288c\" data-element_type=\"widget\" data-e-type=\"widget\" data-widget_type=\"image.default\">\n\t\t\t\t<div class=\"elementor-widget-container\">\n\t\t\t\t\t\t\t\t\t\t\t\t\t\t\t<img fetchpriority=\"high\" decoding=\"async\" width=\"724\" height=\"1024\" src=\"https:\/\/purepet.co\/wp-content\/uploads\/2024\/05\/Diseno-sin-titulo-1-2-724x1024.png\" class=\"attachment-large size-large wp-image-2791\" alt=\"\" srcset=\"https:\/\/purepet.co\/wp-content\/uploads\/2024\/05\/Diseno-sin-titulo-1-2-724x1024.png 724w, https:\/\/purepet.co\/wp-content\/uploads\/2024\/05\/Diseno-sin-titulo-1-2-212x300.png 212w, https:\/\/purepet.co\/wp-content\/uploads\/2024\/05\/Diseno-sin-titulo-1-2-768x1086.png 768w, https:\/\/purepet.co\/wp-content\/uploads\/2024\/05\/Diseno-sin-titulo-1-2-1086x1536.png 1086w, https:\/\/purepet.co\/wp-content\/uploads\/2024\/05\/Diseno-sin-titulo-1-2-354x500.png 354w, https:\/\/purepet.co\/wp-content\/uploads\/2024\/05\/Diseno-sin-titulo-1-2-177x250.png 177w, https:\/\/purepet.co\/wp-content\/uploads\/2024\/05\/Diseno-sin-titulo-1-2-150x212.png 150w, https:\/\/purepet.co\/wp-content\/uploads\/2024\/05\/Diseno-sin-titulo-1-2.png 1414w\" sizes=\"(max-width: 724px) 100vw, 724px\" \/>\t\t\t\t\t\t\t\t\t\t\t\t\t\t\t<\/div>\n\t\t\t\t<\/div>\n\t\t\t\t<\/div>\n\t\t<div class=\"elementor-element elementor-element-8711bc9 e-con-full e-flex e-con e-child\" data-id=\"8711bc9\" data-element_type=\"container\" data-e-type=\"container\">\n\t\t\t\t<div class=\"elementor-element elementor-element-e0eb974 elementor-widget elementor-widget-heading\" data-id=\"e0eb974\" data-element_type=\"widget\" data-e-type=\"widget\" data-widget_type=\"heading.default\">\n\t\t\t\t<div class=\"elementor-widget-container\">\n\t\t\t\t\t<h4 class=\"elementor-heading-title elementor-size-default\">\u00bfQui\u00e9nes somos?<\/h4>\t\t\t\t<\/div>\n\t\t\t\t<\/div>\n\t\t\t\t<div class=\"elementor-element elementor-element-310c950 color-scheme-inherit text-left elementor-widget elementor-widget-text-editor\" data-id=\"310c950\" data-element_type=\"widget\" data-e-type=\"widget\" data-widget_type=\"text-editor.default\">\n\t\t\t\t<div class=\"elementor-widget-container\">\n\t\t\t\t\t\t\t\t\t<p>Somos PURE Pet &amp; Co., una marca dedicada a ofrecer soluciones refinadas para mascotas y sus due\u00f1os, brindando dise\u00f1os exclusivos que armonizan con la decoraci\u00f3n interior de los hogares modernos y elevan la est\u00e9tica de la vida cotidiana.<\/p>\t\t\t\t\t\t\t\t<\/div>\n\t\t\t\t<\/div>\n\t\t\t\t<div class=\"elementor-element elementor-element-ffddc91 elementor-widget elementor-widget-heading\" data-id=\"ffddc91\" data-element_type=\"widget\" data-e-type=\"widget\" data-widget_type=\"heading.default\">\n\t\t\t\t<div class=\"elementor-widget-container\">\n\t\t\t\t\t<h4 class=\"elementor-heading-title elementor-size-default\">\u00bfQu\u00e9 hacemos?<\/h4>\t\t\t\t<\/div>\n\t\t\t\t<\/div>\n\t\t\t\t<div class=\"elementor-element elementor-element-9c1bbf7 color-scheme-inherit text-left elementor-widget elementor-widget-text-editor\" data-id=\"9c1bbf7\" data-element_type=\"widget\" data-e-type=\"widget\" data-widget_type=\"text-editor.default\">\n\t\t\t\t<div class=\"elementor-widget-container\">\n\t\t\t\t\t\t\t\t\t<p>Ofrecemos accesorios para mascotas que se integran perfectamente en la decoraci\u00f3n de tu hogar, elevando tu estilo de vida y el de tu mascota.<\/p>\t\t\t\t\t\t\t\t<\/div>\n\t\t\t\t<\/div>\n\t\t\t\t<div class=\"elementor-element elementor-element-1626452 elementor-widget elementor-widget-heading\" data-id=\"1626452\" data-element_type=\"widget\" data-e-type=\"widget\" data-widget_type=\"heading.default\">\n\t\t\t\t<div class=\"elementor-widget-container\">\n\t\t\t\t\t<h4 class=\"elementor-heading-title elementor-size-default\">\u00bfQu\u00e9 puedes esperar de nosotros?<\/h4>\t\t\t\t<\/div>\n\t\t\t\t<\/div>\n\t\t\t\t<div class=\"elementor-element elementor-element-29a444a color-scheme-inherit text-left elementor-widget elementor-widget-text-editor\" data-id=\"29a444a\" data-element_type=\"widget\" data-e-type=\"widget\" data-widget_type=\"text-editor.default\">\n\t\t\t\t<div class=\"elementor-widget-container\">\n\t\t\t\t\t\t\t\t\t<p>Puedes confiar en nuestro compromiso hacia ti y tu mascota, proporcionando productos \u00fanicos, con estilo y fuera de lo convencional. Estamos dedicados a trabajar estrechamente contigo para asegurar que nuestros productos cumplen tus necesidades y superan tus expectativas. Nuestro objetivo es innovar constantemente teniendo a tu mascota como prioridad.<\/p>\t\t\t\t\t\t\t\t<\/div>\n\t\t\t\t<\/div>\n\t\t\t\t<\/div>\n\t\t\t\t\t<\/div>\n\t\t\t\t<\/div>\n\t\t<div class=\"elementor-element elementor-element-33db999 e-flex e-con-boxed e-con e-parent\" data-id=\"33db999\" data-element_type=\"container\" data-e-type=\"container\">\n\t\t\t\t\t<div class=\"e-con-inner\">\n\t\t<div class=\"elementor-element elementor-element-7924f54 e-con-full e-flex e-con e-child\" data-id=\"7924f54\" data-element_type=\"container\" data-e-type=\"container\" data-settings=\"{&quot;background_background&quot;:&quot;classic&quot;}\">\n\t\t\t\t<div class=\"elementor-element elementor-element-70b194c color-scheme-light text-left elementor-widget elementor-widget-text-editor\" data-id=\"70b194c\" data-element_type=\"widget\" data-e-type=\"widget\" data-widget_type=\"text-editor.default\">\n\t\t\t\t<div class=\"elementor-widget-container\">\n\t\t\t\t\t\t\t\t\t<h4>VISI\u00d3N<\/h4><p>Nuestra visi\u00f3n en PURE Pet &amp; Co. es dar forma al futuro de c\u00f3mo las mascotas se integran en los estilos de vida sofisticados de sus due\u00f1os. Aspiramos a ser reconocidos como pioneros en fusionar funcionalidad con elegancia, innovando continuamente para brindar productos exclusivos y de alta calidad que no solo mejoren la experiencia de la mascota sino que tambi\u00e9n mejoren el atractivo est\u00e9tico de su hogar.<\/p>\t\t\t\t\t\t\t\t<\/div>\n\t\t\t\t<\/div>\n\t\t\t\t<\/div>\n\t\t<div class=\"elementor-element elementor-element-61e1516 e-con-full e-flex e-con e-child\" data-id=\"61e1516\" data-element_type=\"container\" data-e-type=\"container\" data-settings=\"{&quot;background_background&quot;:&quot;classic&quot;}\">\n\t\t\t\t<div class=\"elementor-element elementor-element-39af0bd color-scheme-light text-left elementor-widget elementor-widget-text-editor\" data-id=\"39af0bd\" data-element_type=\"widget\" data-e-type=\"widget\" data-widget_type=\"text-editor.default\">\n\t\t\t\t<div class=\"elementor-widget-container\">\n\t\t\t\t\t\t\t\t\t<h4>MISI\u00d3N<\/h4><p>Nuestra misi\u00f3n es crear experiencias memorables para los due\u00f1os de mascotas ofreciendo una gama de accesorios elegantes y funcionales que complementan la decoraci\u00f3n de su hogar. Nos esforzamos por fusionar elegancia con practicidad en productos que armonicen con los ambientes y estilos de vida de nuestros clientes.<\/p>\t\t\t\t\t\t\t\t<\/div>\n\t\t\t\t<\/div>\n\t\t\t\t<\/div>\n\t\t\t\t\t<\/div>\n\t\t\t\t<\/div>\n\t\t\t\t<\/div>","protected":false},"excerpt":{"rendered":"<p>Who we are? We are PURE Pet &amp; Co., a brand dedicated to providing refined solutions for pets and their<\/p>","protected":false},"author":1,"featured_media":0,"parent":0,"menu_order":0,"comment_status":"closed","ping_status":"closed","template":"","meta":{"footnotes":""},"class_list":["post-358","page","type-page","status-publish","hentry"],"brizy_media":[],"_links":{"self":[{"href":"https:\/\/purepet.co\/es\/wp-json\/wp\/v2\/pages\/358","targetHints":{"allow":["GET"]}}],"collection":[{"href":"https:\/\/purepet.co\/es\/wp-json\/wp\/v2\/pages"}],"about":[{"href":"https:\/\/purepet.co\/es\/wp-json\/wp\/v2\/types\/page"}],"author":[{"embeddable":true,"href":"https:\/\/purepet.co\/es\/wp-json\/wp\/v2\/users\/1"}],"replies":[{"embeddable":true,"href":"https:\/\/purepet.co\/es\/wp-json\/wp\/v2\/comments?post=358"}],"version-history":[{"count":26,"href":"https:\/\/purepet.co\/es\/wp-json\/wp\/v2\/pages\/358\/revisions"}],"predecessor-version":[{"id":2794,"href":"https:\/\/purepet.co\/es\/wp-json\/wp\/v2\/pages\/358\/revisions\/2794"}],"wp:attachment":[{"href":"https:\/\/purepet.co\/es\/wp-json\/wp\/v2\/media?parent=358"}],"curies":[{"name":"wp","href":"https:\/\/api.w.org\/{rel}","templated":true}]}}