{"id":15,"date":"2024-03-28T14:08:47","date_gmt":"2024-03-28T14:08:47","guid":{"rendered":"https:\/\/purepetco-f81fb0.ingress-earth.ewp.live\/?page_id=15"},"modified":"2025-11-08T18:00:23","modified_gmt":"2025-11-08T18:00:23","slug":"refund_returns","status":"publish","type":"page","link":"https:\/\/purepet.co\/es\/refund_returns\/","title":{"rendered":"Pol\u00edtica de cambios y devoluciones"},"content":{"rendered":"<div data-elementor-type=\"wp-page\" data-elementor-id=\"15\" class=\"elementor elementor-15\" data-elementor-post-type=\"page\">\n\t\t\t\t<div class=\"elementor-element elementor-element-60d3de27 e-flex e-con-boxed e-con e-parent\" data-id=\"60d3de27\" data-element_type=\"container\" data-e-type=\"container\">\n\t\t\t\t\t<div class=\"e-con-inner\">\n\t\t\t\t<div class=\"elementor-element elementor-element-23142c93 color-scheme-inherit text-left elementor-widget elementor-widget-text-editor\" data-id=\"23142c93\" data-element_type=\"widget\" data-e-type=\"widget\" data-widget_type=\"text-editor.default\">\n\t\t\t\t<div class=\"elementor-widget-container\">\n\t\t\t\t\t\t\t\t\t<h3>Overview<\/h3>\n<p><\/p>\n<p>Nuestra pol\u00edtica de reembolsos y devoluciones es v\u00e1lida por 3 d\u00edas desde la fecha de entrega. Si han pasado 3 d\u00edas desde que recibiste tu producto, no habr\u00e1 lugar a cambios, devoluciones y\/o reembolsos.<\/p>\n<p><\/p>\n<p>Para ser elegible para una devoluci\u00f3n, el art\u00edculo debe estar sin usar, en las mismas condiciones en que lo recibiste y en su empaque original.<\/p>\n<p><\/p>\n<p><strong>Excepciones a la elegibilidad de devoluci\u00f3n:<\/strong><\/p>\n<p><\/p>\n<ul class=\"wp-block-list\">\n<li style=\"list-style-type: none;\">\n<ul><\/ul>\n<\/li>\n<\/ul>\n<ul>\n<li style=\"list-style-type: none;\">\n<ul>\n<li data-start=\"1411\" data-end=\"1534\" class=\"translation-block\">Los art\u00edculos adquiridos en <strong data-start=\"1432\" data-end=\"1476\">oferta, promoci\u00f3n o con un c\u00f3digo o cup\u00f3n de descuento<\/strong> son venta final y no son elegibles para cambios y\/o devoluciones.<\/li>\n<li data-start=\"1535\" data-end=\"1609\">Art\u00edculos que muestren signos de uso o da\u00f1o que no haya sido causado por un defecto de f\u00e1brica.<\/li>\n<li data-start=\"437\" data-end=\"539\"><p data-start=\"439\" data-end=\"539\">Productos da\u00f1ados por lavado, secado o manipulaci\u00f3n distinta a la indicada en las instrucciones de cuidado.<\/p><\/li>\n<\/ul>\n<\/li>\n<\/ul>\n<p><\/p>\n<p><\/p>\n<p>Una vez que recibamos e inspeccionemos tu devoluci\u00f3n, te contactaremos para notificarte que hemos recibido el art\u00edculo devuelto. Tambi\u00e9n te informaremos sobre la aprobaci\u00f3n o rechazo de tu reembolso.<\/p>\n<p><\/p>\n<p><span style=\"background-color: var(--wd-main-bgcolor); color: var(--wd-title-color); font-family: var(--wd-title-font); font-size: 24px; font-style: var(--wd-title-font-style); font-weight: var(--wd-title-font-weight); text-align: var(--text-align); text-transform: var(--wd-title-transform);\">Defectos de f\u00e1brica<\/span><\/p>\n<p><\/p>\n<p class=\"translation-block\">Todos nuestros productos pasan por un riguroso control de calidad antes de ser enviados. Si consideras que tu art\u00edculo tiene un defecto de f\u00e1brica, cont\u00e1ctanos con tu <b>comprobante de compra y fotos o detalles del problema<\/b>.<\/p>\n<p>Ten en cuenta que si el art\u00edculo fue vendido en promoci\u00f3n o a un precio reducido, no es elegible para devoluciones o cambios, incluso si presenta un defecto de f\u00e1brica.<\/p>\n<p><span style=\"color: var(--wd-title-color); font-family: var(--wd-title-font); font-size: 24px; font-style: var(--wd-title-font-style); font-weight: var(--wd-title-font-weight); text-transform: var(--wd-title-transform); text-align: var(--text-align); background-color: var(--wd-main-bgcolor);\">Cambios y devoluciones<\/span><\/p>\n<p><\/p>\n<p>Cambio:&nbsp;<span style=\"font-size: 14px; color: var( --e-global-color-text ); text-align: var(--text-align); background-color: var(--wd-main-bgcolor);\">Si se aprueba un cambio, aceptas hacerte responsable de cualquier cargo adicional, como la diferencia de precio en el momento del cambio y los costos de env\u00edo tanto para la devoluci\u00f3n como para el reenv\u00edo del art\u00edculo (doble tarifa de env\u00edo).<\/span><\/p>\n<p><\/p>\n<p class=\"translation-block\">Devoluci\u00f3n: Si tu art\u00edculo es elegible para una devoluci\u00f3n, lo procesaremos una vez que lo recibamos e inspeccionemos. Si es aprobado, el monto ser\u00e1 reembolsado a tu m\u00e9todo de pago original en unos d\u00edas h\u00e1biles.<\/p>\n<p><\/p>\n<h2>\u00bfDudas adicionales?<\/h2>\n<p><\/p>\n<p>Para consultas sobre reembolsos y devoluciones, cont\u00e1ctanos en hola@purepet.co o al +51 967 915 320.<\/p>\n<h2 style=\"box-sizing: border-box; padding: 0px; border: 0px; vertical-align: baseline; font-style: normal; font-variant-ligatures: normal; font-variant-caps: normal; font-variant-numeric: inherit; font-variant-east-asian: inherit; font-variant-alternates: inherit; font-variant-position: inherit; font-variant-emoji: inherit; font-weight: var(--wd-title-font-weight); font-stretch: inherit; line-height: 1.4; font-family: var(--wd-title-font); font-optical-sizing: inherit; font-size-adjust: inherit; font-kerning: inherit; font-feature-settings: inherit; font-variation-settings: inherit; font-size: 24px; display: block; color: var(--wd-title-color); text-transform: none; letter-spacing: normal; orphans: 2; text-align: left; text-indent: 0px; widows: 2; word-spacing: 0px; -webkit-text-stroke-width: 0px; white-space: normal; background-color: #ffffff; text-decoration-thickness: initial; text-decoration-style: initial; text-decoration-color: initial; margin: 0px 0px var(--wd-tags-mb) 0px;\">Compras en nuestros canales digitales<\/h2>\n<p style=\"box-sizing: border-box; padding: 0px; border: 0px; vertical-align: baseline; font-style: normal; font-variant-ligatures: normal; font-variant-caps: normal; font-variant-numeric: inherit; font-variant-east-asian: inherit; font-variant-alternates: inherit; font-variant-position: inherit; font-variant-emoji: inherit; font-weight: 400; font-stretch: inherit; line-height: inherit; font-family: Roboto, sans-serif; font-optical-sizing: inherit; font-size-adjust: inherit; font-kerning: inherit; font-feature-settings: inherit; font-variation-settings: inherit; font-size: 14px; color: #7a7a7a; letter-spacing: normal; orphans: 2; text-align: left; text-indent: 0px; text-transform: none; widows: 2; word-spacing: 0px; -webkit-text-stroke-width: 0px; white-space: normal; background-color: #ffffff; text-decoration-thickness: initial; text-decoration-style: initial; text-decoration-color: initial; margin: 0px 0px var(--wd-tags-mb) 0px;\">Todas las compras realizadas a trav\u00e9s de canales digitales (Instagram, Facebook, WhatsApp y nuestra p\u00e1gina web) est\u00e1n sujetas a las pol\u00edticas de reembolsos y devoluciones publicadas en nuestro sitio web. Es responsabilidad del consumidor revisar estas pol\u00edticas antes de realizar una compra.<\/p>\n<p><\/p>\n<p><\/p>\t\t\t\t\t\t\t\t<\/div>\n\t\t\t\t<\/div>\n\t\t\t\t\t<\/div>\n\t\t\t\t<\/div>\n\t\t<\/p>\n<p><span style=\"background-color: var(--wd-main-bgcolor); color: var(--wd-title-color); font-family: var(--wd-title-font); font-size: 24px; font-style: var(--wd-title-font-style); font-weight: var(--wd-title-font-weight); text-align: var(--text-align); text-transform: var(--wd-title-transform);\">Defectos de f\u00e1brica<\/span><\/p>\n<p><!-- wp:paragraph --><\/p>\n<p class=\"translation-block\">Todos nuestros productos pasan por un riguroso control de calidad antes de ser enviados. Si consideras que tu art\u00edculo tiene un defecto de f\u00e1brica, cont\u00e1ctanos con tu <b>comprobante de compra y fotos o detalles del problema<\/b>.<\/p>\n<p>Ten en cuenta que si el art\u00edculo fue vendido en promoci\u00f3n o a un precio reducido, no es elegible para devoluciones o cambios, incluso si presenta un defecto de f\u00e1brica.<\/p>\n<p><span style=\"color: var(--wd-title-color); font-family: var(--wd-title-font); font-size: 24px; font-style: var(--wd-title-font-style); font-weight: var(--wd-title-font-weight); text-transform: var(--wd-title-transform); text-align: var(--text-align); background-color: var(--wd-main-bgcolor);\">Cambios y devoluciones<\/span><\/p>\n<p><!-- wp:paragraph --><\/p>\n<p>Cambio:&nbsp;<span style=\"font-size: 14px; color: var( --e-global-color-text ); text-align: var(--text-align); background-color: var(--wd-main-bgcolor);\">Si se aprueba un cambio, aceptas hacerte responsable de cualquier cargo adicional, como la diferencia de precio en el momento del cambio y los costos de env\u00edo tanto para la devoluci\u00f3n como para el reenv\u00edo del art\u00edculo (doble tarifa de env\u00edo).<\/span><\/p>\n<p><!-- \/wp:paragraph --><!-- wp:paragraph --><\/p>\n<p class=\"translation-block\">Devoluci\u00f3n: Si tu art\u00edculo es elegible para una devoluci\u00f3n, lo procesaremos una vez que lo recibamos e inspeccionemos. Si es aprobado, el monto ser\u00e1 reembolsado a tu m\u00e9todo de pago original en unos d\u00edas h\u00e1biles.<\/p>\n<p><!-- \/wp:paragraph --><\/p>\n<h2>\u00bfDudas adicionales?<\/h2>\n<p><!-- wp:paragraph --><\/p>\n<p>Para consultas sobre reembolsos y devoluciones, cont\u00e1ctanos en hola@purepet.co o al +51 967 915 320.<\/p>\n<h2 style=\"box-sizing: border-box; padding: 0px; border: 0px; vertical-align: baseline; font-style: normal; font-variant-ligatures: normal; font-variant-caps: normal; font-variant-numeric: inherit; font-variant-east-asian: inherit; font-variant-alternates: inherit; font-variant-position: inherit; font-variant-emoji: inherit; font-weight: var(--wd-title-font-weight); font-stretch: inherit; line-height: 1.4; font-family: var(--wd-title-font); font-optical-sizing: inherit; font-size-adjust: inherit; font-kerning: inherit; font-feature-settings: inherit; font-variation-settings: inherit; font-size: 24px; display: block; color: var(--wd-title-color); text-transform: none; letter-spacing: normal; orphans: 2; text-align: left; text-indent: 0px; widows: 2; word-spacing: 0px; -webkit-text-stroke-width: 0px; white-space: normal; background-color: #ffffff; text-decoration-thickness: initial; text-decoration-style: initial; text-decoration-color: initial; margin: 0px 0px var(--wd-tags-mb) 0px;\">Compras en nuestros canales digitales<\/h2>\n<p style=\"box-sizing: border-box; padding: 0px; border: 0px; vertical-align: baseline; font-style: normal; font-variant-ligatures: normal; font-variant-caps: normal; font-variant-numeric: inherit; font-variant-east-asian: inherit; font-variant-alternates: inherit; font-variant-position: inherit; font-variant-emoji: inherit; font-weight: 400; font-stretch: inherit; line-height: inherit; font-family: Roboto, sans-serif; font-optical-sizing: inherit; font-size-adjust: inherit; font-kerning: inherit; font-feature-settings: inherit; font-variation-settings: inherit; font-size: 14px; color: #7a7a7a; letter-spacing: normal; orphans: 2; text-align: left; text-indent: 0px; text-transform: none; widows: 2; word-spacing: 0px; -webkit-text-stroke-width: 0px; white-space: normal; background-color: #ffffff; text-decoration-thickness: initial; text-decoration-style: initial; text-decoration-color: initial; margin: 0px 0px var(--wd-tags-mb) 0px;\">Todas las compras realizadas a trav\u00e9s de canales digitales (Instagram, Facebook, WhatsApp y nuestra p\u00e1gina web) est\u00e1n sujetas a las pol\u00edticas de reembolsos y devoluciones publicadas en nuestro sitio web. Es responsabilidad del consumidor revisar estas pol\u00edticas antes de realizar una compra.<\/p>\n<p><!-- \/wp:paragraph --><!-- wp:paragraph --><\/p>\n<p><!-- \/wp:paragraph --><\/p>\t\t\t\t\t\t\t\t<\/div>\n\t\t\t\t<\/div>\n\t\t\t\t\t<\/div>\n\t\t\t\t<\/div>\n\t\t\t\t<\/div>","protected":false},"excerpt":{"rendered":"<p>Overview Our refund and returns policy is valid for 3 days from the date of delivery. If 3 days have<\/p>","protected":false},"author":1,"featured_media":0,"parent":0,"menu_order":0,"comment_status":"closed","ping_status":"closed","template":"brizy-blank-template.php","meta":{"footnotes":""},"class_list":["post-15","page","type-page","status-publish","hentry"],"brizy_media":[],"_links":{"self":[{"href":"https:\/\/purepet.co\/es\/wp-json\/wp\/v2\/pages\/15","targetHints":{"allow":["GET"]}}],"collection":[{"href":"https:\/\/purepet.co\/es\/wp-json\/wp\/v2\/pages"}],"about":[{"href":"https:\/\/purepet.co\/es\/wp-json\/wp\/v2\/types\/page"}],"author":[{"embeddable":true,"href":"https:\/\/purepet.co\/es\/wp-json\/wp\/v2\/users\/1"}],"replies":[{"embeddable":true,"href":"https:\/\/purepet.co\/es\/wp-json\/wp\/v2\/comments?post=15"}],"version-history":[{"count":5,"href":"https:\/\/purepet.co\/es\/wp-json\/wp\/v2\/pages\/15\/revisions"}],"predecessor-version":[{"id":3574,"href":"https:\/\/purepet.co\/es\/wp-json\/wp\/v2\/pages\/15\/revisions\/3574"}],"wp:attachment":[{"href":"https:\/\/purepet.co\/es\/wp-json\/wp\/v2\/media?parent=15"}],"curies":[{"name":"wp","href":"https:\/\/api.w.org\/{rel}","templated":true}]}}